{"id":1954,"date":"2015-07-15T15:59:15","date_gmt":"2015-07-15T13:59:15","guid":{"rendered":"https:\/\/stage.act.acw2.website\/es\/?page_id=1954"},"modified":"2019-03-18T14:12:40","modified_gmt":"2019-03-18T13:12:40","slug":"normas-obligatorias-de-act","status":"publish","type":"page","link":"https:\/\/stage.act.acw2.website\/es\/normas-obligatorias-de-act\/","title":{"rendered":"Normas obligatorias de ACT"},"content":{"rendered":"<p>ACT Alianza se compremete a demonstrar rendici\u00f3n de cuentas en todo aspecto de su trabajo.<\/p>\n<p>El Marco de calidad y rendici\u00f3n de cuentas de ACT resume los est\u00e1ndares de calidad que pueden exigir del gobierno de ACT,de los miembros de ACT y de la Secretar\u00edade ACT tanto las partes interesadas como entre s\u00ed. Establece los compromisos primarios de ACT y presenta un plan de implementaci\u00f3n y acciones de mejora. Procura garantizar que los miembros cuentan con mecanismos que ofrecen una mayor rendici\u00f3n de cuentas a los beneficiarios. Este marco es de acceso p\u00fablico a los principales interesados de ACT, por lo que ACT puede demostrar su capacidad de adherirse a los compromisos y los procesos establecidos y a la rendici\u00f3n de cuentas.<\/p>\n<h3>Normas obligatorias de ACT<\/h3>\n<ul>\n<li><a href=\"https:\/\/actalliance.org\/documents\/act-alliance-membership-agreement\/\" target=\"_blank\">Acuerdo de cooperaci\u00f3n de los miembros, 2011<\/a><\/li>\n<li>C\u00f3digo de buenas pr\u00e1cticas de ACT, 2011<\/li>\n<li><a href=\"https:\/\/actalliance.org\/wp-content\/uploads\/2015\/07\/ACT-Alliance-Code-ofConduct-appr05-February-2011_SPANISH1.pdf\" target=\"_blank\">C\u00f3digo de conducta para la prevenci\u00f3n de la explotaci\u00f3n y el abuso sexuales, el fraude y la corrupci\u00f3n, y el abuso de poder de ACT, 2011<\/a><\/li>\n<li><a href=\"https:\/\/actalliance.org\/documents\/procedure-for-funding-the-act-alliance\/\" target=\"_blank\">Procedimiento para financiar ACT Alianza, 2012<\/a><\/li>\n<li><a href=\"https:\/\/actalliance.org\/wp-content\/uploads\/2015\/07\/PolicyGuidelines_ACT-Forums_Spanish.pdf\" target=\"_blank\">Pol\u00edtica y directrices de los foros nacionales y regionales de ACT, 2011<\/a><\/li>\n<li>Pol\u00edtica de marca compartida, 2010<\/li>\n<li><a href=\"https:\/\/actalliance.org\/wp-content\/uploads\/2015\/07\/Communications-policy-for-ACT-Alliance_SPANISH.pdf\" target=\"_blank\">Pol\u00edtica de comunicaci\u00f3n de ACT, 2013<\/a><\/li>\n<li>Pol\u00edtica de divulgaci\u00f3n de informaci\u00f3n, 2012<\/li>\n<li><a href=\"https:\/\/actalliance.org\/documents\/anti-fraud-and-corruption-policy\/\" target=\"_blank\">Pol\u00edtica contra el fraude y la corrupci\u00f3n, 2009<\/a><\/li>\n<li><a href=\"https:\/\/actalliance.org\/wp-content\/uploads\/2015\/07\/ACT-Complaints-Policy_Spanish.pdf\" target=\"_blank\">Pol\u00edtica de quejas, 2011<\/a><\/li>\n<li><a href=\"https:\/\/actalliance.org\/wp-content\/uploads\/2015\/07\/ACT-Membership-disciplinary-policy-SPANISH.pdf\" target=\"_blank\">Pol\u00edtica disciplinaria de los miembros, 2011<\/a><\/li>\n<li><a href=\"https:\/\/actalliance.org\/wp-content\/uploads\/2015\/07\/Child-Safeguarding-Policy_Spanish.pdf\" target=\"_blank\">Pol\u00edtica de salvaguarda infantil, 2015<\/a><\/li>\n<li><a href=\"https:\/\/actalliance.org\/documents\/act-alliance-response-to-an-emergency\/\" target=\"_blank\">Pol\u00edtica, directrices e instrumentos del mecanismo de respuesta a emergencias de ACT, 2012 (INGLES)<\/a>\n<ul>\n<li><a href=\"https:\/\/actalliance.org\/documents\/alert-template\/\" target=\"_blank\">Alert template<\/a><\/li>\n<li><a href=\"https:\/\/actalliance.org\/documents\/appeals-and-rapid-response-funds-financial-reporting-formats-templates\/\" target=\"_blank\">Appeal and RRF Financial reporting<\/a><\/li>\n<li><a href=\"https:\/\/actalliance.org\/documents\/appeals-budget-format\/\" target=\"_blank\">Appeal Budget format<\/a><\/li>\n<li><a href=\"https:\/\/actalliance.org\/documents\/appeal-format\/\" target=\"_blank\">Appeal template<\/a><\/li>\n<li><a href=\"https:\/\/actalliance.org\/documents\/preliminary-appeal-format\/\" target=\"_blank\">Preliminary appeal template<\/a><\/li>\n<li><a href=\"https:\/\/actalliance.org\/documents\/rapid-response-funds-budget-format\/\" target=\"_blank\">Rapid Response Fund budget format<\/a><\/li>\n<li><a href=\"https:\/\/actalliance.org\/documents\/rapid-response-funds-template\/\" target=\"_blank\">Rapid Response Fund template<\/a><\/li>\n<li><a href=\"https:\/\/actalliance.org\/documents\/situation-reports-sitreps-formats\/\" target=\"_blank\">SitRep template<\/a><\/li>\n<li><a href=\"https:\/\/actalliance.org\/documents\/emergency-assessment-guidelines\/\" target=\"_blank\">Emergency Assessment Guideline<\/a><\/li>\n<li><a href=\"https:\/\/actalliance.org\/documents\/narrative-reporting-templates-formats\/\" target=\"_blank\">Narrative reporting template<\/a><\/li>\n<\/ul>\n<\/li>\n<li><a href=\"https:\/\/actalliance.org\/wp-content\/uploads\/2015\/07\/Our-Understanding-of-Development_SPANISH.pdf\">Nuestra comprensi\u00f3n del desarrollo, 2008<\/a><\/li>\n<li><a href=\"https:\/\/actalliance.org\/wp-content\/uploads\/2015\/07\/ACT-advocacy-policy-and-procedures_SPANISH.pdf\" target=\"_blank\">Pol\u00edtica y procedimientos de concienciaci\u00f3n, 2011<\/a><\/li>\n<li><a href=\"https:\/\/actalliance.org\/documents\/act-alliance-observer-agreement\/\" target=\"_blank\">Acuerdo de cooperaci\u00f3n de los miembros observadores \u00a0(INGLES)<\/a><\/li>\n<li><a href=\"https:\/\/actalliance.org\/wp-content\/uploads\/2015\/07\/Revised-ACT-Alliance-policy-on-advisory-groups-and-CoPs-Spanish.pdf\" target=\"_blank\">Grupos Asesores y Comunidades de Pr\u00e1ctica de ACT<\/a><\/li>\n<\/ul>\n<h3>International mandatory standards for members<\/h3>\n<ul>\n<li><a href=\"http:\/\/www.ifrc.org\/es\/publicaciones\/code-of-conduct\/\" target=\"_blank\">C\u00f3digo de Conducta relativo al socorro en casos de desastre del Movimiento Internacional de la Cruz Roja y de la Media Luna Roja y las ONG<\/a><\/li>\n<li><a href=\"http:\/\/www.spherehandbook.org\/es\/\" target=\"_blank\">Las Normas Esfera<\/a><\/li>\n<li><a href=\"https:\/\/icvanetwork.org\/system\/files\/versions\/Principles%20of%20Parnership%20English.pdf\" target=\"_blank\">Principios de asociaci\u00f3n<\/a><\/li>\n<li><a href=\"http:\/\/www.corehumanitarianstandard.org\/the-standard\" target=\"_blank\">La Norma Humanitaria Esencial<\/a><\/li>\n<li><a href=\"http:\/\/www.unhcr.org\/405ac7542.pdf\" target=\"_blank\">C\u00f3digo de pr\u00e1cticas recomendadas para las intervenciones de las ONG contra el VIH\/SIDA<\/a><\/li>\n<li><a href=\"http:\/\/www.interpeace.org\/documents\/international-dialogue\/256-istanbul-cso-development-effectiveness-principles\/file\" target=\"_blank\">Principios de Estambul para el trabajo de las OSC como actoras del desarrollo<\/a><\/li>\n<\/ul>\n<h3>Orientaciones normativas de ACT sobre cuestiones sectoriales e intersectoriales<\/h3>\n<ul>\n<li><a href=\"https:\/\/actalliance.org\/wp-content\/uploads\/2015\/07\/Revised-ACT-Alliance-policy-on-advisory-groups-and-CoPs-Spanish.pdf\" target=\"_blank\">Grupos de trabajo y Comunidades de Practica de ACT<\/a><\/li>\n<li><a href=\"https:\/\/actalliance.org\/wp-content\/uploads\/2015\/07\/ACT-Framework-Position-for-CC-Advocacy_Spanish.pdf\" target=\"_blank\">Cambio clim\u00e1tico<\/a><\/li>\n<li><a href=\"https:\/\/actalliance.org\/documents\/schr-position-paper-on-humanitarian-military-relations\/\" target=\"_blank\">Relaciones entre civiles y militares<\/a><\/li>\n<li><a href=\"https:\/\/actalliance.org\/documents\/top-8-things-to-know-about-the-act-complaints-handling-mechanism\/\" target=\"_blank\">Tratamiento de quejas<\/a><\/li>\n<li>Reducci\u00f3n del riesgo de desastres<\/li>\n<li>Seguridad alimentaria<\/li>\n<li><a href=\"https:\/\/actalliance.org\/wp-content\/uploads\/2015\/07\/ACT-Gender-Policy-Spanish.pdf\" target=\"_blank\">Igualdad entre mujeres y hombres<\/a><\/li>\n<li><a href=\"https:\/\/actalliance.org\/wp-content\/uploads\/2015\/07\/Joint-Position-Paper_SPA-scherm.pdf\" target=\"_blank\">Salud y VIH<\/a><\/li>\n<li>Derechos humanos<\/li>\n<li><a href=\"https:\/\/actalliance.org\/wp-content\/uploads\/2015\/07\/GUIDELINES-ON-MATERIAL-AID_SPANISH.pdf\" target=\"_blank\">Ayuda material<\/a><\/li>\n<li>Evaluaci\u00f3n de necesidades<\/li>\n<li><a href=\"https:\/\/actalliance.org\/wp-content\/uploads\/2015\/07\/ACT-Capacity-Development-and-Learning-Strategy_SPANISH.pdf\" target=\"_blank\">Desarrollo de la capacidad y formaci\u00f3n<\/a><\/li>\n<li><a href=\"https:\/\/actalliance.org\/wp-content\/uploads\/2015\/07\/ACT-PME-Handbook_Spanish.pdf\" target=\"_blank\">Planificaci\u00f3n, seguimiento, evaluaci\u00f3n (PSE) y evaluaci\u00f3n del impacto<\/a><\/li>\n<li><a href=\"https:\/\/actalliance.org\/wp-content\/uploads\/2015\/07\/ACT-Policy-Protection_Spanish.pdf\" target=\"_blank\">Protecci\u00f3n<\/a><\/li>\n<li><a href=\"https:\/\/actalliance.org\/wp-content\/uploads\/2015\/07\/ACT-CBPS-Guiding-Principles-SPANISH.pdf\" target=\"_blank\">Apoyo psicosocial<\/a><\/li>\n<li>Seguridad<\/li>\n<li>Salvaguarda infantil<\/li>\n<li>Prevenci\u00f3n de la explotaci\u00f3n y el abuso sexual<\/li>\n<li><a href=\"https:\/\/actalliance.org\/wp-content\/uploads\/2015\/07\/CSO-Istanbul-Dev-Eff-Principles_Dec2010_Spanish.pdf\" target=\"_blank\">Desarrollo sostenible<\/a><\/li>\n<li><a href=\"https:\/\/actalliance.org\/wp-content\/uploads\/2015\/07\/ACT-Alliance-Communications-Strategy_Spanish.pdf\" target=\"_blank\">Comunicaciones<\/a><\/li>\n<\/ul>\n","protected":false},"excerpt":{"rendered":"<p>ACT Alianza se compremete a demonstrar rendici\u00f3n de cuentas en todo aspecto de su trabajo. El Marco de calidad y rendici\u00f3n de cuentas de ACT resume los est\u00e1ndares de calidad que pueden exigir del gobierno de ACT,de los miembros de ACT y de la Secretar\u00edade ACT tanto las partes interesadas como entre s\u00ed. Establece los [&hellip;]<\/p>\n","protected":false},"author":4,"featured_media":0,"parent":0,"menu_order":6,"comment_status":"open","ping_status":"open","template":"","meta":{"footnotes":""},"class_list":["post-1954","page","type-page","status-publish","hentry"],"acf":[],"_links":{"self":[{"href":"https:\/\/stage.act.acw2.website\/es\/wp-json\/wp\/v2\/pages\/1954","targetHints":{"allow":["GET"]}}],"collection":[{"href":"https:\/\/stage.act.acw2.website\/es\/wp-json\/wp\/v2\/pages"}],"about":[{"href":"https:\/\/stage.act.acw2.website\/es\/wp-json\/wp\/v2\/types\/page"}],"author":[{"embeddable":true,"href":"https:\/\/stage.act.acw2.website\/es\/wp-json\/wp\/v2\/users\/4"}],"replies":[{"embeddable":true,"href":"https:\/\/stage.act.acw2.website\/es\/wp-json\/wp\/v2\/comments?post=1954"}],"version-history":[{"count":0,"href":"https:\/\/stage.act.acw2.website\/es\/wp-json\/wp\/v2\/pages\/1954\/revisions"}],"wp:attachment":[{"href":"https:\/\/stage.act.acw2.website\/es\/wp-json\/wp\/v2\/media?parent=1954"}],"curies":[{"name":"wp","href":"https:\/\/api.w.org\/{rel}","templated":true}]}}