{"id":2273,"date":"2017-07-07T11:20:48","date_gmt":"2017-07-07T09:20:48","guid":{"rendered":"https:\/\/stage.act.acw2.website\/fr\/?page_id=2273"},"modified":"2017-07-05T16:03:05","modified_gmt":"2017-07-05T14:03:05","slug":"criteres-de-la-qualite-de-membre","status":"publish","type":"page","link":"https:\/\/stage.act.acw2.website\/fr\/criteres-de-la-qualite-de-membre\/","title":{"rendered":"Crit\u00e8res de la qualit\u00e9 de membre"},"content":{"rendered":"<h3>Crit\u00e8res de la qualit\u00e9 de membre<\/h3>\n<p>Peuvent devenir membres d&#8217;ACT les Eglises et organisations qui leur sont li\u00e9es suivantes:<\/p>\n<ul>\n<li>les Eglises membres du Conseil oecum\u00e9nique des Eglises (COE) ou de la F\u00e9d\u00e9ration luth\u00e9rienne mondiale (FLM), ou<\/li>\n<li>les d\u00e9partements ou minist\u00e8res d&#8217;une Eglise membre sp\u00e9cialis\u00e9s dans les secours humanitaires et\/ou le d\u00e9veloppement, s&#8217;ils sont constitu\u00e9s pour former une entit\u00e9 juridique s\u00e9par\u00e9e, ou<\/li>\n<li>les organisations affili\u00e9es \u00e0 au moins une Eglise membre du COE par le biais de leurs organes directeurs1.<\/li>\n<\/ul>\n<p>Une exception peut \u00eatre faite pour:<\/p>\n<ol>\n<li>une organisation qui a fait auparavant partie d&#8217;une organisation membre mais qui est devenue ind\u00e9pendante (ces demandes doivent appuy\u00e9es par l&#8217;organisation membre)<\/li>\n<li>une Eglise ou organisation oecum\u00e9nique qui a une longue tradition de coop\u00e9ration aux programmes du COE et\/ou une organisation oecum\u00e9nique r\u00e9gionale, comme la Conf\u00e9rence des Eglises de toute l&#8217;Afrique (CETA), la Conf\u00e9rence chr\u00e9tienne d&#8217;Asie, le Consejo Latinoamericano de Iglesias (CLAI), la Conf\u00e9rence des Eglises europ\u00e9ennes (KEK), la Conf\u00e9rence des Eglises des Cara\u00efbes, la Conf\u00e9rence des Eglises au Moyen-Orient, la Conf\u00e9rence des Eglises du Pacifique<\/li>\n<li>une organisation oecum\u00e9nique d&#8217;un pays o\u00f9 il n&#8217;y a pas d&#8217;Eglise membre du COE ou de la FLM.<\/li>\n<\/ol>\n<ul>\n<li>Les organisations li\u00e9es aux Eglises doivent avoir pour mandat principal de travailler dans le domaine des secours humanitaires et\/ou du d\u00e9veloppement<\/li>\n<li>L&#8217;Eglise ou organisation li\u00e9e \u00e0 une Eglise doit attester d&#8217;un engagement en faveur d&#8217;une activit\u00e9 de qualit\u00e92 dans le domaine du d\u00e9veloppement et\/ou des secours humanitaires<\/li>\n<li>L&#8217;Eglise ou organisation li\u00e9e \u00e0 une Eglise doit constituer une instance nationale, r\u00e9gionale ou internationale<\/li>\n<\/ul>\n<div class=\"_Ejb\">\n<div id=\"tw-target\">\n<div id=\"tw-target-text-container\" class=\"tw-ta-container tw-nfl\">\n<p id=\"tw-target-text\" class=\"tw-data-text vk_txt tw-ta tw-text-medium\" dir=\"ltr\" data-placeholder=\"Translation\"><span lang=\"fr\"><a href=\"https:\/\/actalliance.org\/about\/list-of-members\/\" target=\"_blank\">Les membres d&#8217;ACT actuelles<\/a><\/span><\/p>\n<h3 class=\"tw-data-text vk_txt tw-ta tw-text-medium\" dir=\"ltr\" data-placeholder=\"Translation\"><span lang=\"fr\">Observateurs<br \/>\n<\/span><\/h3>\n<p class=\"tw-data-text vk_txt tw-ta tw-text-medium\" dir=\"ltr\" data-placeholder=\"Translation\"><span lang=\"fr\">Les cat\u00e9gories d&#8217;organisations suivantes peuvent demander \u00e0 avoir le statut d&#8217;observateur aupr\u00e8s d&#8217;ACT:<br \/>\n<\/span><\/p>\n<ul>\n<li class=\"tw-data-text vk_txt tw-ta tw-text-medium\" dir=\"ltr\" data-placeholder=\"Translation\"><span lang=\"fr\">les organisations oecum\u00e9niques r\u00e9gionales et les conseils d&#8217;Eglises nationaux qui n&#8217;ont pas de programmes de d\u00e9veloppement ni de secours humanitaires propres (et qui donc ne peuvent pas \u00eatre membres d&#8217;ACT) mais qui d\u00e9sirent collaborer \u00e9troitement avec l&#8217;Alliance<\/span><\/li>\n<li class=\"tw-data-text vk_txt tw-ta tw-text-medium\" dir=\"ltr\" data-placeholder=\"Translation\"><span lang=\"fr\">les organisations missionnaires d\u00e9pendant d&#8217;Eglises membres du COE ou de la FLM qui ont des activit\u00e9s dans le domaine des secours humanitaires et\/ou du d\u00e9veloppement, pour autant qu&#8217;elles s&#8217;engagent \u00e0 respecter le Code de bonne pratique d&#8217;ACT<\/span><\/li>\n<li class=\"tw-data-text vk_txt tw-ta tw-text-medium\" dir=\"ltr\" data-placeholder=\"Translation\"><span lang=\"fr\">les organisations oecum\u00e9niques mondiales qui souhaitent collaborer \u00e9troitement avec l&#8217;Alliance<br \/>\n<\/span><\/li>\n<\/ul>\n<p id=\"tw-target-text\" class=\"tw-data-text vk_txt tw-ta tw-text-medium\" dir=\"ltr\" data-placeholder=\"Translation\"><strong><span lang=\"fr\">Alliance ACT a six observateurs\u00a0<\/span><\/strong><\/p>\n<ul>\n<li><a href=\"http:\/\/www.anglicanalliance.org\/\" target=\"_blank\">Anglican Alliance<\/a><\/li>\n<li><a href=\"http:\/\/mission-einewelt.de\/\" target=\"_blank\">Mission EineWelt<\/a><\/li>\n<li><a href=\"http:\/\/wscfglobal.org\/\" target=\"_blank\">World Student Christian Federation (WSCF)<\/a><\/li>\n<li><a href=\"http:\/\/www.vemission.org\/en\/home.html\" target=\"_blank\">Vereinte Evangelische Mission (United Evangelical Mission)<\/a><\/li>\n<li><a href=\"https:\/\/www.suomenlahetysseura.fi\/ls_en\/\" target=\"_blank\">Finnish Evangelical Lutheran Mission (FELM)<\/a><\/li>\n<li><a href=\"http:\/\/www.ceceurope.org\/\" target=\"_blank\">Conference of European Churches (CEC)<\/a><\/li>\n<\/ul>\n<p><a href=\"https:\/\/actalliance.org\/wp-content\/uploads\/2016\/07\/ACT-Alliance-Member-Application-Process.pdf\" rel=\"\">ACT Alliance Member Application Process<\/a><\/p>\n<p><a href=\"https:\/\/actalliance.org\/wp-content\/uploads\/2015\/08\/Membership-application-form-2016.pdf\" rel=\"\">Membership application form 2016<\/a><\/p>\n<p><a href=\"https:\/\/actalliance.org\/wp-content\/uploads\/2015\/08\/ACT-Alliance-Membership-Agreement.pdf\" target=\"_blank\">Membership Agreement<\/a><\/p>\n<p><a href=\"https:\/\/actalliance.org\/wp-content\/uploads\/2015\/08\/ACT-Observer-Agreement.pdf\" target=\"_blank\">Observer Agreement<\/a><\/p>\n<\/div>\n<\/div>\n<\/div>\n","protected":false},"excerpt":{"rendered":"<p>Crit\u00e8res de la qualit\u00e9 de membre Peuvent devenir membres d&#8217;ACT les Eglises et organisations qui leur sont li\u00e9es suivantes: les Eglises membres du Conseil oecum\u00e9nique des Eglises (COE) ou de la F\u00e9d\u00e9ration luth\u00e9rienne mondiale (FLM), ou les d\u00e9partements ou minist\u00e8res d&#8217;une Eglise membre sp\u00e9cialis\u00e9s dans les secours humanitaires et\/ou le d\u00e9veloppement, s&#8217;ils sont constitu\u00e9s pour [&hellip;]<\/p>\n","protected":false},"author":4,"featured_media":0,"parent":0,"menu_order":9,"comment_status":"closed","ping_status":"closed","template":"","meta":{"footnotes":""},"class_list":["post-2273","page","type-page","status-publish","hentry"],"acf":[],"_links":{"self":[{"href":"https:\/\/stage.act.acw2.website\/fr\/wp-json\/wp\/v2\/pages\/2273","targetHints":{"allow":["GET"]}}],"collection":[{"href":"https:\/\/stage.act.acw2.website\/fr\/wp-json\/wp\/v2\/pages"}],"about":[{"href":"https:\/\/stage.act.acw2.website\/fr\/wp-json\/wp\/v2\/types\/page"}],"author":[{"embeddable":true,"href":"https:\/\/stage.act.acw2.website\/fr\/wp-json\/wp\/v2\/users\/4"}],"replies":[{"embeddable":true,"href":"https:\/\/stage.act.acw2.website\/fr\/wp-json\/wp\/v2\/comments?post=2273"}],"version-history":[{"count":0,"href":"https:\/\/stage.act.acw2.website\/fr\/wp-json\/wp\/v2\/pages\/2273\/revisions"}],"wp:attachment":[{"href":"https:\/\/stage.act.acw2.website\/fr\/wp-json\/wp\/v2\/media?parent=2273"}],"curies":[{"name":"wp","href":"https:\/\/api.w.org\/{rel}","templated":true}]}}